{"id":51,"date":"2026-01-06T13:34:06","date_gmt":"2026-01-06T13:34:06","guid":{"rendered":"https:\/\/paolofissi.coralesanfrancesco.it\/?page_id=51"},"modified":"2026-01-17T08:43:32","modified_gmt":"2026-01-17T08:43:32","slug":"biografia-paolo-fissi","status":"publish","type":"page","link":"https:\/\/paolofissi.coralesanfrancesco.it\/en\/biografia-paolo-fissi\/","title":{"rendered":"About Me"},"content":{"rendered":"<div data-elementor-type=\"wp-page\" data-elementor-id=\"51\" class=\"elementor elementor-51\">\n\t\t\t\t<div class=\"elementor-element elementor-element-26ee2cb e-flex e-con-boxed e-con e-parent\" data-id=\"26ee2cb\" data-element_type=\"container\" data-e-type=\"container\">\n\t\t\t\t\t<div class=\"e-con-inner\">\n\t\t\t\t<div class=\"elementor-element elementor-element-8b04ba0 elementor-widget elementor-widget-heading\" data-id=\"8b04ba0\" data-element_type=\"widget\" data-e-type=\"widget\" data-widget_type=\"heading.default\">\n\t\t\t\t\t<h2 class=\"elementor-heading-title elementor-size-default\">Il Percorso Artistico<\/h2>\t\t\t\t<\/div>\n\t\t\t\t\t<\/div>\n\t\t\t\t<\/div>\n\t\t<div class=\"elementor-element elementor-element-60dc992 e-flex e-con-boxed e-con e-parent\" data-id=\"60dc992\" data-element_type=\"container\" data-e-type=\"container\">\n\t\t\t\t\t<div class=\"e-con-inner\">\n\t\t<div class=\"elementor-element elementor-element-77b85f3 e-con-full e-flex e-con e-child\" data-id=\"77b85f3\" data-element_type=\"container\" data-e-type=\"container\">\n\t\t\t\t<div class=\"elementor-element elementor-element-5ae8291 elementor-widget elementor-widget-text-editor\" data-id=\"5ae8291\" data-element_type=\"widget\" data-e-type=\"widget\" data-widget_type=\"text-editor.default\">\n\t\t\t\t\t\t\t\t\t<blockquote class=\"ng-star-inserted\"><p>Direttore di coro, compositore e pianista, Paolo Fissi nasce a Prato nel 1958. S<span class=\"ng-star-inserted\">i diploma con ottimi voti in pianoforte nel 1985 presso il <a href=\"https:\/\/www.consfi.it\/\" target=\"_blank\" rel=\"noopener\">Conservatorio \u201cL. Cherubini\u201c<\/a> di Firenze. Perfeziona i suoi studi in <\/span><strong class=\"ng-star-inserted\"><span class=\"ng-star-inserted\">Direzione di Coro<\/span><\/strong><span class=\"ng-star-inserted\"> e in <\/span><strong class=\"ng-star-inserted\"><span class=\"ng-star-inserted\">Direzione d\u2019Orchestra<\/span><\/strong><span class=\"ng-star-inserted\">. Per oltre quarant&#8217;anni si \u00e8 dedicato all&#8217;insegnamento dell&#8217;Educazione Musicale, ricoprendo anche ruoli dirigenziali scolastici.<\/span><\/p><\/blockquote>\t\t\t\t\t\t\t\t<\/div>\n\t\t\t\t<\/div>\n\t\t<div class=\"elementor-element elementor-element-a829d2b e-con-full e-flex e-con e-child\" data-id=\"a829d2b\" data-element_type=\"container\" data-e-type=\"container\">\n\t\t\t\t<div class=\"elementor-element elementor-element-f549503 elementor-widget elementor-widget-image\" data-id=\"f549503\" data-element_type=\"widget\" data-e-type=\"widget\" data-widget_type=\"image.default\">\n\t\t\t\t\t\t\t\t\t\t\t\t\t\t\t<img fetchpriority=\"high\" decoding=\"async\" width=\"800\" height=\"534\" src=\"https:\/\/paolofissi.coralesanfrancesco.it\/wp-content\/uploads\/2026\/01\/ART_2504_copia-1024x683.jpg\" class=\"attachment-large size-large wp-image-64\" alt=\"Paolo Fissi concerto i muri\" srcset=\"https:\/\/paolofissi.coralesanfrancesco.it\/wp-content\/uploads\/2026\/01\/ART_2504_copia-1024x683.jpg 1024w, https:\/\/paolofissi.coralesanfrancesco.it\/wp-content\/uploads\/2026\/01\/ART_2504_copia-300x200.jpg 300w, https:\/\/paolofissi.coralesanfrancesco.it\/wp-content\/uploads\/2026\/01\/ART_2504_copia-768x512.jpg 768w, https:\/\/paolofissi.coralesanfrancesco.it\/wp-content\/uploads\/2026\/01\/ART_2504_copia-1536x1024.jpg 1536w, https:\/\/paolofissi.coralesanfrancesco.it\/wp-content\/uploads\/2026\/01\/ART_2504_copia-2048x1365.jpg 2048w\" sizes=\"(max-width: 800px) 100vw, 800px\" \/>\t\t\t\t\t\t\t\t\t\t\t\t\t\t\t<\/div>\n\t\t\t\t<\/div>\n\t\t\t\t\t<\/div>\n\t\t\t\t<\/div>\n\t\t<div class=\"elementor-element elementor-element-4b88012 e-flex e-con-boxed e-con e-parent\" data-id=\"4b88012\" data-element_type=\"container\" data-e-type=\"container\">\n\t\t\t\t\t<div class=\"e-con-inner\">\n\t\t<div class=\"elementor-element elementor-element-48ec68b e-con-full e-flex e-con e-child\" data-id=\"48ec68b\" data-element_type=\"container\" data-e-type=\"container\">\n\t\t\t\t<div class=\"elementor-element elementor-element-838df20 elementor-view-default elementor-widget elementor-widget-icon\" data-id=\"838df20\" data-element_type=\"widget\" data-e-type=\"widget\" data-widget_type=\"icon.default\">\n\t\t\t\t\t\t\t<div class=\"elementor-icon-wrapper\">\n\t\t\t<div class=\"elementor-icon\">\n\t\t\t<svg class=\"ekit-svg-icon icon-music1\" viewbox=\"0 0 32 32\" xmlns=\"http:\/\/www.w3.org\/2000\/svg\"><path d=\"M28.427 0.885c-0.724-0.505-1.651-0.624-2.479-0.319l-13.617 5.016c-1.057 0.389-1.768 1.408-1.768 2.535v15.328c-0.777-0.552-1.774-0.769-2.867-0.613-1.233 0.176-2.453 0.814-3.435 1.796s-1.62 2.202-1.796 3.435c-0.187 1.311 0.161 2.485 0.981 3.306 0.675 0.675 1.59 1.031 2.625 1.031 0.222 0 0.449-0.016 0.681-0.049 1.233-0.176 2.453-0.814 3.435-1.796s1.62-2.202 1.796-3.435c0.028-0.195 0.043-0.387 0.047-0.576 0.001-0.011 0.002-13.291 0.002-13.291l16.082-5.924v9.652c-0.777-0.551-1.774-0.769-2.867-0.613-1.233 0.176-2.453 0.814-3.435 1.796s-1.62 2.202-1.796 3.435c-0.187 1.311 0.161 2.485 0.981 3.306 0.675 0.675 1.59 1.031 2.625 1.031 0.222 0 0.449-0.016 0.681-0.049 1.233-0.176 2.453-0.814 3.435-1.796s1.62-2.202 1.796-3.435c0.028-0.195 0.048-17.552 0.048-17.552-0-0.883-0.432-1.711-1.156-2.216zM10.564 26.461c-0.001 0.146-0.012 0.296-0.034 0.45-0.132 0.921-0.622 1.846-1.381 2.605s-1.684 1.249-2.605 1.381c-0.843 0.12-1.574-0.081-2.060-0.566s-0.686-1.217-0.566-2.060c0.132-0.921 0.622-1.846 1.381-2.605s1.684-1.249 2.605-1.381c0.16-0.023 0.315-0.034 0.466-0.034 0.645 0 1.2 0.207 1.594 0.6 0.392 0.392 0.598 0.944 0.6 1.586v0.023zM28.115 5.762l-16.082 5.925v-3.57c0-0.514 0.324-0.979 0.807-1.157l13.617-5.016c0.384-0.141 0.796-0.088 1.131 0.146s0.528 0.602 0.528 1.011v2.661zM28.115 19.994c-0.001 0.146-0.012 0.297-0.034 0.452-0.132 0.921-0.622 1.846-1.381 2.605s-1.684 1.249-2.605 1.381c-0.843 0.12-1.574-0.081-2.060-0.566s-0.686-1.217-0.566-2.060c0.132-0.921 0.622-1.846 1.381-2.605s1.684-1.249 2.605-1.381c0.16-0.023 0.315-0.034 0.466-0.034 0.645 0 1.2 0.207 1.594 0.6 0.392 0.392 0.598 0.945 0.6 1.587v0.021z\"><\/path><\/svg>\t\t\t<\/div>\n\t\t<\/div>\n\t\t\t\t\t\t<\/div>\n\t\t\t\t<div class=\"elementor-element elementor-element-36b4a3f elementor-widget elementor-widget-heading\" data-id=\"36b4a3f\" data-element_type=\"widget\" data-e-type=\"widget\" data-widget_type=\"heading.default\">\n\t\t\t\t\t<h2 class=\"elementor-heading-title elementor-size-default\">Direttore<\/h2>\t\t\t\t<\/div>\n\t\t\t\t<div class=\"elementor-element elementor-element-3cacacb elementor-widget elementor-widget-text-editor\" data-id=\"3cacacb\" data-element_type=\"widget\" data-e-type=\"widget\" data-widget_type=\"text-editor.default\">\n\t\t\t\t\t\t\t\t\t<p><span class=\"router-outlet-wrapper ng-tns-c3250827703-0\"><span class=\"ng-star-inserted\">Dal 1987 alla guida della Corale San Francesco.<\/span><\/span><\/p>\t\t\t\t\t\t\t\t<\/div>\n\t\t\t\t<\/div>\n\t\t<div class=\"elementor-element elementor-element-90856fb e-con-full e-flex e-con e-child\" data-id=\"90856fb\" data-element_type=\"container\" data-e-type=\"container\">\n\t\t\t\t<div class=\"elementor-element elementor-element-847e906 elementor-view-default elementor-widget elementor-widget-icon\" data-id=\"847e906\" data-element_type=\"widget\" data-e-type=\"widget\" data-widget_type=\"icon.default\">\n\t\t\t\t\t\t\t<div class=\"elementor-icon-wrapper\">\n\t\t\t<div class=\"elementor-icon\">\n\t\t\t<svg aria-hidden=\"true\" class=\"e-font-icon-svg e-fas-pen-nib\" viewbox=\"0 0 512 512\" xmlns=\"http:\/\/www.w3.org\/2000\/svg\"><path d=\"M136.6 138.79a64.003 64.003 0 0 0-43.31 41.35L0 460l14.69 14.69L164.8 324.58c-2.99-6.26-4.8-13.18-4.8-20.58 0-26.51 21.49-48 48-48s48 21.49 48 48-21.49 48-48 48c-7.4 0-14.32-1.81-20.58-4.8L37.31 497.31 52 512l279.86-93.29a64.003 64.003 0 0 0 41.35-43.31L416 224 288 96l-151.4 42.79zm361.34-64.62l-60.11-60.11c-18.75-18.75-49.16-18.75-67.91 0l-56.55 56.55 128.02 128.02 56.55-56.55c18.75-18.75 18.75-49.15 0-67.91z\"><\/path><\/svg>\t\t\t<\/div>\n\t\t<\/div>\n\t\t\t\t\t\t<\/div>\n\t\t\t\t<div class=\"elementor-element elementor-element-c53ac54 elementor-widget elementor-widget-heading\" data-id=\"c53ac54\" data-element_type=\"widget\" data-e-type=\"widget\" data-widget_type=\"heading.default\">\n\t\t\t\t\t<h2 class=\"elementor-heading-title elementor-size-default\">Compositore<\/h2>\t\t\t\t<\/div>\n\t\t\t\t<div class=\"elementor-element elementor-element-55b4a02 elementor-widget elementor-widget-text-editor\" data-id=\"55b4a02\" data-element_type=\"widget\" data-e-type=\"widget\" data-widget_type=\"text-editor.default\">\n\t\t\t\t\t\t\t\t\t<p><span class=\"router-outlet-wrapper ng-tns-c3250827703-0\"><span class=\"ng-star-inserted\">Autore di Musical, Opere Sacre,\u00a0 Sinfoniche, Rielaborazioni e Arrangiamenti<\/span><\/span><\/p>\t\t\t\t\t\t\t\t<\/div>\n\t\t\t\t<\/div>\n\t\t<div class=\"elementor-element elementor-element-6e32ff6 e-con-full e-flex e-con e-child\" data-id=\"6e32ff6\" data-element_type=\"container\" data-e-type=\"container\">\n\t\t\t\t<div class=\"elementor-element elementor-element-aba3ec4 elementor-view-default elementor-widget elementor-widget-icon\" data-id=\"aba3ec4\" data-element_type=\"widget\" data-e-type=\"widget\" data-widget_type=\"icon.default\">\n\t\t\t\t\t\t\t<div class=\"elementor-icon-wrapper\">\n\t\t\t<div class=\"elementor-icon\">\n\t\t\t<svg class=\"ekit-svg-icon icon-open-book\" viewbox=\"0 0 32 32\" xmlns=\"http:\/\/www.w3.org\/2000\/svg\"><path d=\"M4.895 3.776c-0.001 0-0.002 0-0.003 0-0.303 0-0.587 0.118-0.802 0.332-0.217 0.217-0.337 0.505-0.337 0.813v17.171c0 0.63 0.514 1.143 1.147 1.145 2.665 0.006 7.131 0.562 10.212 3.786v-17.97c0-0.213-0.055-0.414-0.157-0.58-2.528-4.072-7.387-4.691-10.059-4.697z\"><\/path><path d=\"M28.247 22.092v-17.171c0-0.307-0.12-0.596-0.337-0.813-0.215-0.214-0.5-0.332-0.802-0.332-0.001 0-0.002 0-0.003 0-2.671 0.006-7.53 0.625-10.059 4.697-0.103 0.166-0.157 0.366-0.157 0.58v17.97c3.081-3.224 7.546-3.779 10.212-3.786 0.632-0.002 1.146-0.515 1.146-1.145z\"><\/path><path d=\"M30.855 7.736h-0.83v14.356c0 1.608-1.31 2.919-2.92 2.923-2.261 0.005-5.989 0.447-8.629 2.946 4.566-1.118 9.379-0.391 12.123 0.234 0.343 0.078 0.696-0.003 0.971-0.221s0.43-0.544 0.43-0.894v-18.198c0-0.631-0.514-1.145-1.145-1.145z\"><\/path><path d=\"M1.975 22.092v-14.356h-0.83c-0.631 0-1.145 0.514-1.145 1.145v18.198c0 0.35 0.157 0.676 0.43 0.894s0.628 0.3 0.971 0.221c2.743-0.625 7.557-1.352 12.122-0.234-2.64-2.499-6.368-2.941-8.629-2.946-1.61-0.004-2.92-1.315-2.92-2.922z\"><\/path><\/svg>\t\t\t<\/div>\n\t\t<\/div>\n\t\t\t\t\t\t<\/div>\n\t\t\t\t<div class=\"elementor-element elementor-element-f30bce3 elementor-widget elementor-widget-heading\" data-id=\"f30bce3\" data-element_type=\"widget\" data-e-type=\"widget\" data-widget_type=\"heading.default\">\n\t\t\t\t\t<h2 class=\"elementor-heading-title elementor-size-default\">Docente<\/h2>\t\t\t\t<\/div>\n\t\t\t\t<div class=\"elementor-element elementor-element-04711fe elementor-widget elementor-widget-text-editor\" data-id=\"04711fe\" data-element_type=\"widget\" data-e-type=\"widget\" data-widget_type=\"text-editor.default\">\n\t\t\t\t\t\t\t\t\t<p><span class=\"router-outlet-wrapper ng-tns-c3250827703-0\"><span class=\"ng-star-inserted\">Oltre 40 anni dedicati all&#8217;insegnamento musicale<\/span><\/span><\/p>\t\t\t\t\t\t\t\t<\/div>\n\t\t\t\t<\/div>\n\t\t\t\t\t<\/div>\n\t\t\t\t<\/div>\n\t\t<div class=\"elementor-element elementor-element-cf4641f e-flex e-con-boxed e-con e-parent\" data-id=\"cf4641f\" data-element_type=\"container\" data-e-type=\"container\">\n\t\t\t\t\t<div class=\"e-con-inner\">\n\t\t\t\t<div class=\"elementor-element elementor-element-362ec56 elementor-widget elementor-widget-text-editor\" data-id=\"362ec56\" data-element_type=\"widget\" data-e-type=\"widget\" data-widget_type=\"text-editor.default\">\n\t\t\t\t\t\t\t\t\t<p class=\"ng-star-inserted\"><span class=\"ng-star-inserted\">Si dedica con passione alla composizione e all\u2019arrangiamento, spaziando dalla musica sacra a quella cinematografica. Tra le sue opere principali:<\/span><\/p><ul class=\"ng-star-inserted\"><li class=\"ng-star-inserted\"><p class=\"ng-star-inserted\"><strong class=\"ng-star-inserted\"><span class=\"ng-star-inserted\">Musical:<\/span><\/strong> <span class=\"ng-star-inserted\">\u201cBravo Edoardo!\u201d<\/span><span class=\"ng-star-inserted\"> and <\/span><span class=\"ng-star-inserted\">\u201cIl pane dal cuore antico\u201d<\/span><span class=\"ng-star-inserted\"> (da cui \u00e8 stata tratta una versione cinematografica).<\/span><\/p><\/li><li class=\"ng-star-inserted\"><p class=\"ng-star-inserted\"><strong class=\"ng-star-inserted\"><span class=\"ng-star-inserted\">Musica Sacra:<\/span><\/strong> <span class=\"ng-star-inserted\">\u201cCantico di Frate Sole\u201d<\/span><span class=\"ng-star-inserted\">, <\/span><span class=\"ng-star-inserted\">\u201cIn festo\u201d<\/span><span class=\"ng-star-inserted\">, <\/span><span class=\"ng-star-inserted\">\u201cLe sette Parole di Cristo\u201d<\/span><span class=\"ng-star-inserted\"> (coro a cappella), <\/span><span class=\"ng-star-inserted\">\u201cEt Pastores\u201d<\/span><span class=\"ng-star-inserted\"> (per soli, coro e orchestra) e il <\/span><span class=\"ng-star-inserted\">\u201cSanctus et Benedictus\u201d<\/span><span class=\"ng-star-inserted\">.<\/span><\/p><\/li><li class=\"ng-star-inserted\"><p class=\"ng-star-inserted\"><strong class=\"ng-star-inserted\"><span class=\"ng-star-inserted\">Musica Sinfonica:<\/span><\/strong> <span class=\"ng-star-inserted\">\u201cJubil\u00e4umsHymne\u201d, \u201cLight Symphony\u201d<\/span><span class=\"ng-star-inserted\">, <\/span><span class=\"ng-star-inserted\">\u201c5 pezzi per orchestra\u201d<\/span><span class=\"ng-star-inserted\"> e la celebre <\/span><span class=\"ng-star-inserted\">\u201cRota Suite\u201d<\/span><span class=\"ng-star-inserted\">, un omaggio alle melodie di Nino Rota.<\/span><\/p><\/li><\/ul>\t\t\t\t\t\t\t\t<\/div>\n\t\t\t\t<div class=\"elementor-element elementor-element-a76d894 elementor-align-right elementor-widget elementor-widget-button\" data-id=\"a76d894\" data-element_type=\"widget\" data-e-type=\"widget\" data-widget_type=\"button.default\">\n\t\t\t\t\t\t\t\t\t\t<a class=\"elementor-button elementor-button-link elementor-size-sm\" href=\"https:\/\/paolofissi.coralesanfrancesco.it\/en\/composizioni\/\">\n\t\t\t\t\t\t<span class=\"elementor-button-content-wrapper\">\n\t\t\t\t\t\t\t\t\t<span class=\"elementor-button-text\">Esplora le mie composizioni<\/span>\n\t\t\t\t\t<\/span>\n\t\t\t\t\t<\/a>\n\t\t\t\t\t\t\t\t<\/div>\n\t\t\t\t\t<\/div>\n\t\t\t\t<\/div>\n\t\t<div class=\"elementor-element elementor-element-f90b455 e-flex e-con-boxed e-con e-parent\" data-id=\"f90b455\" data-element_type=\"container\" data-e-type=\"container\">\n\t\t\t\t\t<div class=\"e-con-inner\">\n\t\t<div class=\"elementor-element elementor-element-ee9c429 e-con-full e-flex e-con e-child\" data-id=\"ee9c429\" data-element_type=\"container\" data-e-type=\"container\">\n\t\t\t\t<div class=\"elementor-element elementor-element-4280816 elementor-widget elementor-widget-image\" data-id=\"4280816\" data-element_type=\"widget\" data-e-type=\"widget\" data-widget_type=\"image.default\">\n\t\t\t\t\t\t\t\t\t\t\t\t\t\t\t<img decoding=\"async\" width=\"800\" height=\"600\" src=\"https:\/\/paolofissi.coralesanfrancesco.it\/wp-content\/uploads\/2026\/01\/535AFCAF-F54E-4E2A-A97E-B867A42E2198_1_102_o-1024x768.jpeg\" class=\"attachment-large size-large wp-image-79\" alt=\"concerto faltugnano\" srcset=\"https:\/\/paolofissi.coralesanfrancesco.it\/wp-content\/uploads\/2026\/01\/535AFCAF-F54E-4E2A-A97E-B867A42E2198_1_102_o-1024x768.jpeg 1024w, https:\/\/paolofissi.coralesanfrancesco.it\/wp-content\/uploads\/2026\/01\/535AFCAF-F54E-4E2A-A97E-B867A42E2198_1_102_o-300x225.jpeg 300w, https:\/\/paolofissi.coralesanfrancesco.it\/wp-content\/uploads\/2026\/01\/535AFCAF-F54E-4E2A-A97E-B867A42E2198_1_102_o-768x576.jpeg 768w, https:\/\/paolofissi.coralesanfrancesco.it\/wp-content\/uploads\/2026\/01\/535AFCAF-F54E-4E2A-A97E-B867A42E2198_1_102_o-1536x1152.jpeg 1536w, https:\/\/paolofissi.coralesanfrancesco.it\/wp-content\/uploads\/2026\/01\/535AFCAF-F54E-4E2A-A97E-B867A42E2198_1_102_o.jpeg 2048w\" sizes=\"(max-width: 800px) 100vw, 800px\" \/>\t\t\t\t\t\t\t\t\t\t\t\t\t\t\t<\/div>\n\t\t\t\t<\/div>\n\t\t<div class=\"elementor-element elementor-element-ad74808 e-con-full e-flex e-con e-child\" data-id=\"ad74808\" data-element_type=\"container\" data-e-type=\"container\">\n\t\t\t\t<div class=\"elementor-element elementor-element-8163b30 elementor-widget elementor-widget-text-editor\" data-id=\"8163b30\" data-element_type=\"widget\" data-e-type=\"widget\" data-widget_type=\"text-editor.default\">\n\t\t\t\t\t\t\t\t\t<blockquote class=\"ng-star-inserted\"><p class=\"ng-star-inserted\"><span class=\"ng-star-inserted\">La carriera sul podio inizia nel 1978. Ha diretto formazioni prestigiose come il \u201cComplesso Cameristico di Firenze\u201d e l\u2019Orchestra della \u201cGiovent\u00f9 Musicale Italiana\u201d. Dal 1987 \u00e8 alla guida della <\/span><strong class=\"ng-star-inserted\"><span class=\"ng-star-inserted\">Corale \u201cSan Francesco\u201d<\/span><\/strong><span class=\"ng-star-inserted\">, con cui ha ottenuto riconoscimenti internazionali, tra cui il premio della Comunit\u00e0 Europea per l&#8217;Inno del Giubileo fra le citt\u00e0 gemellate di Prato e Wangen im Allg\u00e4u (Germania).<\/span><\/p><\/blockquote>\t\t\t\t\t\t\t\t<\/div>\n\t\t\t\t<\/div>\n\t\t\t\t\t<\/div>\n\t\t\t\t<\/div>\n\t\t\t\t<\/div>","protected":false},"excerpt":{"rendered":"<p>Il Percorso Artistico Direttore di coro, compositore e pianista, Paolo Fissi nasce a Prato nel 1958. Si diploma con ottimi voti in pianoforte nel 1985 presso il Conservatorio \u201cL. Cherubini\u201c di Firenze. Perfeziona i suoi studi in Direzione di Coro e in Direzione d\u2019Orchestra. Per oltre quarant&#8217;anni si \u00e8 dedicato all&#8217;insegnamento dell&#8217;Educazione Musicale, ricoprendo anche [&hellip;]<\/p>\n","protected":false},"author":1,"featured_media":0,"parent":0,"menu_order":0,"comment_status":"closed","ping_status":"closed","template":"elementor_header_footer","meta":{"h5ap_radio_sources":[],"footnotes":""},"class_list":["post-51","page","type-page","status-publish","hentry"],"_links":{"self":[{"href":"https:\/\/paolofissi.coralesanfrancesco.it\/en\/wp-json\/wp\/v2\/pages\/51","targetHints":{"allow":["GET"]}}],"collection":[{"href":"https:\/\/paolofissi.coralesanfrancesco.it\/en\/wp-json\/wp\/v2\/pages"}],"about":[{"href":"https:\/\/paolofissi.coralesanfrancesco.it\/en\/wp-json\/wp\/v2\/types\/page"}],"author":[{"embeddable":true,"href":"https:\/\/paolofissi.coralesanfrancesco.it\/en\/wp-json\/wp\/v2\/users\/1"}],"replies":[{"embeddable":true,"href":"https:\/\/paolofissi.coralesanfrancesco.it\/en\/wp-json\/wp\/v2\/comments?post=51"}],"version-history":[{"count":46,"href":"https:\/\/paolofissi.coralesanfrancesco.it\/en\/wp-json\/wp\/v2\/pages\/51\/revisions"}],"predecessor-version":[{"id":459,"href":"https:\/\/paolofissi.coralesanfrancesco.it\/en\/wp-json\/wp\/v2\/pages\/51\/revisions\/459"}],"wp:attachment":[{"href":"https:\/\/paolofissi.coralesanfrancesco.it\/en\/wp-json\/wp\/v2\/media?parent=51"}],"curies":[{"name":"wp","href":"https:\/\/api.w.org\/{rel}","templated":true}]}}